{"id":39989,"date":"2025-12-22T16:23:27","date_gmt":"2025-12-22T08:23:27","guid":{"rendered":"https:\/\/watersonusa.com\/contact-us"},"modified":"2026-01-07T14:27:51","modified_gmt":"2026-01-07T06:27:51","slug":"lien-he","status":"publish","type":"page","link":"https:\/\/watersonusa.com\/vi\/lien-he","title":{"rendered":"Li\u00ean H\u1ec7 Ch\u00fang T\u00f4i"},"content":{"rendered":"<p><div class=\"fusion-fullwidth fullwidth-box fusion-builder-row-1 nonhundred-percent-fullwidth non-hundred-percent-height-scrolling\" style=\"background-color: var(--awb-color1);background-position: center center;background-repeat: no-repeat;padding-top:2%;padding-right:0px;padding-bottom:2%;padding-left:0px;margin-bottom: 0px;margin-top: 0px;border-width: 0px 0px 0px 0px;border-color:#eae9e9;border-style:solid;\" ><div class=\"fusion-builder-row fusion-row\"><div class=\"fusion-layout-column fusion_builder_column fusion-builder-column-0 fusion_builder_column_1_1 1_1 fusion-one-full fusion-column-first fusion-column-last\" style=\"margin-top:15px;margin-bottom:15px;\"><div class=\"fusion-column-wrapper fusion-flex-column-wrapper-legacy\" style=\"background-position:left top;background-blend-mode: overlay;background-repeat:no-repeat;-webkit-background-size:cover;-moz-background-size:cover;-o-background-size:cover;background-size:cover;padding: 0px 0px 0px 0px;\"><div class=\"fusion-text fusion-text-1\"><p style=\"text-align: center;\"><span style=\"font-size: 24pt;\">H\u00e3y \u0111\u1ec3 l\u1ea1i tin nh\u1eafn cho ch\u00fang t\u00f4i. Ch\u00fang t\u00f4i s\u1ebd ph\u1ea3n h\u1ed3i trong v\u00f2ng 12 gi\u1edd.<\/span><\/p>\n<\/div><div class=\"fusion-clearfix\"><\/div><\/div><\/div><div class=\"fusion-layout-column fusion_builder_column fusion-builder-column-1 fusion_builder_column_1_1 1_1 fusion-one-full fusion-column-first fusion-column-last\" style=\"margin-top:15px;margin-bottom:15px;\"><div class=\"fusion-column-wrapper fusion-flex-column-wrapper-legacy\" style=\"background-position:left top;background-blend-mode: overlay;background-repeat:no-repeat;-webkit-background-size:cover;-moz-background-size:cover;-o-background-size:cover;background-size:cover;padding: 0px 0px 0px 0px;\"><script charset=\"utf-8\" type=\"text\/javascript\" src=\"\/\/js.hsforms.net\/forms\/embed\/v2.js\"><\/script>\n<script>\n  hbspt.forms.create({\n    portalId: \"3799796\",\n    formId: \"12a91250-6d7f-4278-bd04-5b619d0d1de8\",\n    region: \"na1\"\n  });\n<\/script><div class=\"fusion-clearfix\"><\/div><\/div><\/div><\/div><\/div><div class=\"fusion-fullwidth fullwidth-box fusion-builder-row-2 nonhundred-percent-fullwidth non-hundred-percent-height-scrolling\" style=\"background-color: #f7f7f7;background-position: center center;background-repeat: no-repeat;padding-top:50px;padding-right:0px;padding-bottom:50px;padding-left:0px;margin-bottom: 0px;margin-top: 30px;border-width: 0px 0px 0px 0px;border-color:#eae9e9;border-style:solid;\" ><div class=\"fusion-builder-row fusion-row\"><div class=\"fusion-layout-column fusion_builder_column fusion-builder-column-2 fusion_builder_column_1_1 1_1 fusion-one-full fusion-column-first fusion-column-last\" style=\"margin-top:15px;margin-bottom:15px;\"><div class=\"fusion-column-wrapper fusion-flex-column-wrapper-legacy\" style=\"background-position:left top;background-blend-mode: overlay;background-repeat:no-repeat;-webkit-background-size:cover;-moz-background-size:cover;-o-background-size:cover;background-size:cover;padding: 0px 0px 0px 0px;\"><div class=\"fusion-text fusion-text-2\"><h1 style=\"text-align: center;\"><span style=\"font-size: 24pt;\"><strong>V\u0103n ph\u00f2ng Waterson<\/strong><\/span><\/h1>\n<\/div><div class=\"fusion-text fusion-text-3\"><p style=\"text-align: center;\">Vui l\u00f2ng \u0111\u1eb7t l\u1ecbch h\u1eb9n tr\u01b0\u1edbc khi \u0111\u1ebfn th\u0103m.<\/p>\n<\/div><div class=\"fusion-clearfix\"><\/div><\/div><\/div><div class=\"fusion-layout-column fusion_builder_column fusion-builder-column-3 fusion_builder_column_1_2 1_2 fusion-one-half fusion-column-first fusion-no-small-visibility fusion-no-medium-visibility\" style=\"width:50%;width:calc(50% - ( ( 4% ) * 0.5 ) );margin-right: 4%;margin-top:15px;margin-bottom:15px;\"><div class=\"fusion-column-wrapper fusion-flex-column-wrapper-legacy\" style=\"background-position:left top;background-blend-mode: overlay;background-repeat:no-repeat;-webkit-background-size:cover;-moz-background-size:cover;-o-background-size:cover;background-size:cover;padding: 0px 0px 0px 0px;\">\t\t\t\t\t<script type=\"text\/javascript\">\n\t\t\t\t\t\tvar map_fusion_map_69d57fae9e407;\n\t\t\t\t\t\tvar markers = [];\n\t\t\t\t\t\tvar counter = 0;\n\t\t\t\t\t\t\t\t\t\t\t\t\t\t\t\t\t\t\t\tvar fusionMapNonce = '3699263d9d';\n\t\t\t\t\t\t\t\t\t\t\t\tfunction fusion_run_map_fusion_map_69d57fae9e407() {\n\t\t\t\t\t\t\tjQuery('#fusion_map_69d57fae9e407').fusion_maps({\n\t\t\t\t\t\t\t\taddresses: [{\"address\":\"34.1239361,-84.2311386\",\"infobox_content\":\"Waterson USA\",\"coordinates\":true,\"latitude\":\"34.1239361\",\"longitude\":\"-84.2311386\",\"cache\":true,\"geocoded_address\":\"34.1239361,-84.2311386\"}],\n\t\t\t\t\t\t\t\tanimations: true,\n\t\t\t\t\t\t\t\tinfobox_background_color: '',\n\t\t\t\t\t\t\t\tinfobox_styling: 'default',\n\t\t\t\t\t\t\t\tinfobox_text_color: '',\n\t\t\t\t\t\t\t\tmap_style: 'custom',\n\t\t\t\t\t\t\t\tmap_type: 'roadmap',\n\t\t\t\t\t\t\t\tmarker_icon: '',\n\t\t\t\t\t\t\t\toverlay_color: 'rgba(224,207,114,0.04)',\n\t\t\t\t\t\t\t\toverlay_color_hsl: {\"hue\":51,\"sat\":64,\"lum\":66},\n\t\t\t\t\t\t\t\tpan_control: true,\n\t\t\t\t\t\t\t\tshow_address: true,\n\t\t\t\t\t\t\t\tscale_control: true,\n\t\t\t\t\t\t\t\tscrollwheel: true,\n\t\t\t\t\t\t\t\tzoom: 14,\n\t\t\t\t\t\t\t\tzoom_control: true,\n\t\t\t\t\t\t\t});\n\t\t\t\t\t\t}\n\n\t\t\t\t\t\tgoogle.maps.event.addDomListener(window, 'load', fusion_run_map_fusion_map_69d57fae9e407);\n\t\t\t\t\t<\/script>\n\t\t\t\t\t<div class=\"shortcode-map fusion-google-map fusion-maps-js-type\" id=\"fusion_map_69d57fae9e407\" style=\"height:300px;width:100%;\"><\/div><div class=\"fusion-clearfix\"><\/div><\/div><\/div><div class=\"fusion-layout-column fusion_builder_column fusion-builder-column-4 fusion_builder_column_1_2 1_2 fusion-one-half fusion-column-last fusion-no-small-visibility fusion-no-medium-visibility\" style=\"width:50%;width:calc(50% - ( ( 4% ) * 0.5 ) );margin-top:15px;margin-bottom:15px;\"><div class=\"fusion-column-wrapper fusion-flex-column-wrapper-legacy\" style=\"background-position:left top;background-blend-mode: overlay;background-repeat:no-repeat;-webkit-background-size:cover;-moz-background-size:cover;-o-background-size:cover;background-size:cover;padding: 0px 10px 0px 0px;\"><div class=\"fusion-text fusion-text-4\"><p style=\"text-align: left;\"><span style=\"font-size: 18pt;\"><strong>Waterson USA<\/strong><\/span><\/p>\n<\/div><ul class=\"fusion-checklist fusion-checklist-1\" style=\"font-size:18px;line-height:30.6px;\"><li style=\"background-color:rgba(255,255,255,0);\" class=\"fusion-li-item\"><span style=\"height:30.6px;width:30.6px;margin-right:12.6px;\" class=\"icon-wrapper circle-no\"><i class=\"fusion-li-icon fa-map-marker-alt fas\" style=\"color:#e5b506;\" aria-hidden=\"true\"><\/i><\/span><div class=\"fusion-li-item-content\" style=\"margin-left:43.2px;color:#000000;\">478 Northdale Road, Suite 705, Lawrenceville, GA 30046<\/div><\/li><li style=\"background-color:rgba(255,255,255,0);\" class=\"fusion-li-item\"><span style=\"height:30.6px;width:30.6px;margin-right:12.6px;\" class=\"icon-wrapper circle-no\"><i class=\"fusion-li-icon fa-phone-volume fas\" style=\"color:#e5b506;\" aria-hidden=\"true\"><\/i><\/span><div class=\"fusion-li-item-content\" style=\"margin-left:43.2px;color:#000000;\">\n<p><a href=\"tel:7703432788\">+1-770-343-2788<\/a><\/p>\n<\/div><\/li><li style=\"background-color:rgba(255,255,255,0);\" class=\"fusion-li-item\"><span style=\"height:30.6px;width:30.6px;margin-right:12.6px;\" class=\"icon-wrapper circle-no\"><i class=\"fusion-li-icon fa-envelope far\" style=\"color:#e5b506;\" aria-hidden=\"true\"><\/i><\/span><div class=\"fusion-li-item-content\" style=\"margin-left:43.2px;color:#000000;\">\n<p><a href=\"mailto:hinges@watersonusa.com\" target=\"_blank\" rel=\"noopener noreferrer\">hinges@watersonusa.com<\/a><\/p>\n<\/div><\/li><li style=\"background-color:rgba(255,255,255,0);\" class=\"fusion-li-item\"><span style=\"height:30.6px;width:30.6px;margin-right:12.6px;\" class=\"icon-wrapper circle-no\"><i class=\"fusion-li-icon fa-globe-africa fas\" style=\"color:#e5b506;\" aria-hidden=\"true\"><\/i><\/span><div class=\"fusion-li-item-content\" style=\"margin-left:43.2px;color:#000000;\">\n<p><a href=\"https:\/\/watersonusa-self-closing-hinge-ga.business.site\/?m=true\" target=\"_blank\" rel=\"noopener noreferrer\">Google Business<\/a><\/p>\n<\/div><\/li><\/ul><div class=\"fusion-clearfix\"><\/div><\/div><\/div><div class=\"fusion-layout-column fusion_builder_column fusion-builder-column-5 fusion_builder_column_1_2 1_2 fusion-one-half fusion-column-first fusion-no-large-visibility\" style=\"width:50%;width:calc(50% - ( ( 4% ) * 0.5 ) );margin-right: 4%;margin-top:15px;margin-bottom:15px;\"><div class=\"fusion-column-wrapper fusion-flex-column-wrapper-legacy\" style=\"background-position:left top;background-blend-mode: overlay;background-repeat:no-repeat;-webkit-background-size:cover;-moz-background-size:cover;-o-background-size:cover;background-size:cover;padding: 0px 0px 0px 0px;\">\t\t\t\t\t<script type=\"text\/javascript\">\n\t\t\t\t\t\tvar map_fusion_map_69d57fae9ea50;\n\t\t\t\t\t\tvar markers = [];\n\t\t\t\t\t\tvar counter = 0;\n\t\t\t\t\t\t\t\t\t\t\t\tfunction fusion_run_map_fusion_map_69d57fae9ea50() {\n\t\t\t\t\t\t\tjQuery('#fusion_map_69d57fae9ea50').fusion_maps({\n\t\t\t\t\t\t\t\taddresses: [{\"address\":\"34.1239361,-84.2311386\",\"infobox_content\":\"Waterson USA\",\"coordinates\":true,\"latitude\":\"34.1239361\",\"longitude\":\"-84.2311386\",\"cache\":true,\"geocoded_address\":\"34.1239361,-84.2311386\"}],\n\t\t\t\t\t\t\t\tanimations: true,\n\t\t\t\t\t\t\t\tinfobox_background_color: '',\n\t\t\t\t\t\t\t\tinfobox_styling: 'default',\n\t\t\t\t\t\t\t\tinfobox_text_color: '',\n\t\t\t\t\t\t\t\tmap_style: 'custom',\n\t\t\t\t\t\t\t\tmap_type: 'roadmap',\n\t\t\t\t\t\t\t\tmarker_icon: '',\n\t\t\t\t\t\t\t\toverlay_color: 'rgba(224,207,114,0.04)',\n\t\t\t\t\t\t\t\toverlay_color_hsl: {\"hue\":51,\"sat\":64,\"lum\":66},\n\t\t\t\t\t\t\t\tpan_control: true,\n\t\t\t\t\t\t\t\tshow_address: true,\n\t\t\t\t\t\t\t\tscale_control: true,\n\t\t\t\t\t\t\t\tscrollwheel: true,\n\t\t\t\t\t\t\t\tzoom: 14,\n\t\t\t\t\t\t\t\tzoom_control: true,\n\t\t\t\t\t\t\t});\n\t\t\t\t\t\t}\n\n\t\t\t\t\t\tgoogle.maps.event.addDomListener(window, 'load', fusion_run_map_fusion_map_69d57fae9ea50);\n\t\t\t\t\t<\/script>\n\t\t\t\t\t<div class=\"shortcode-map fusion-google-map fusion-maps-js-type\" id=\"fusion_map_69d57fae9ea50\" style=\"height:300px;width:100%;\"><\/div><div class=\"fusion-clearfix\"><\/div><\/div><\/div><div class=\"fusion-layout-column fusion_builder_column fusion-builder-column-6 fusion_builder_column_1_2 1_2 fusion-one-half fusion-column-last fusion-no-large-visibility\" style=\"width:50%;width:calc(50% - ( ( 4% ) * 0.5 ) );margin-top:15px;margin-bottom:15px;\"><div class=\"fusion-column-wrapper fusion-flex-column-wrapper-legacy\" style=\"background-position:left top;background-blend-mode: overlay;background-repeat:no-repeat;-webkit-background-size:cover;-moz-background-size:cover;-o-background-size:cover;background-size:cover;padding: 0px 10px 0px 0px;\"><div class=\"fusion-text fusion-text-5\"><p style=\"text-align: center;\"><span style=\"font-size: 18pt;\"><strong>Waterson USA<\/strong><\/span><\/p>\n<\/div><ul class=\"fusion-checklist fusion-checklist-2\" style=\"font-size:18px;line-height:30.6px;\"><li style=\"background-color:rgba(255,255,255,0);\" class=\"fusion-li-item\"><span style=\"height:30.6px;width:30.6px;margin-right:12.6px;\" class=\"icon-wrapper circle-no\"><i class=\"fusion-li-icon fa-map-marker-alt fas\" style=\"color:#e5b506;\" aria-hidden=\"true\"><\/i><\/span><div class=\"fusion-li-item-content\" style=\"margin-left:43.2px;color:#000000;\">478 Northdale Road, Suite 705, Lawrenceville, GA 30046<\/div><\/li><li style=\"background-color:rgba(255,255,255,0);\" class=\"fusion-li-item\"><span style=\"height:30.6px;width:30.6px;margin-right:12.6px;\" class=\"icon-wrapper circle-no\"><i class=\"fusion-li-icon fa-phone-volume fas\" style=\"color:#e5b506;\" aria-hidden=\"true\"><\/i><\/span><div class=\"fusion-li-item-content\" style=\"margin-left:43.2px;color:#000000;\">\n<p><a href=\"tel:7703432788\">+1-770-343-2788<\/a><\/p>\n<\/div><\/li><li style=\"background-color:rgba(255,255,255,0);\" class=\"fusion-li-item\"><span style=\"height:30.6px;width:30.6px;margin-right:12.6px;\" class=\"icon-wrapper circle-no\"><i class=\"fusion-li-icon fa-envelope far\" style=\"color:#e5b506;\" aria-hidden=\"true\"><\/i><\/span><div class=\"fusion-li-item-content\" style=\"margin-left:43.2px;color:#000000;\">\n<p><a href=\"mailto:hinges@watersonusa.com\">hinges@watersonusa.com<\/a><\/p>\n<\/div><\/li><li style=\"background-color:rgba(255,255,255,0);\" class=\"fusion-li-item\"><span style=\"height:30.6px;width:30.6px;margin-right:12.6px;\" class=\"icon-wrapper circle-no\"><i class=\"fusion-li-icon fa-globe-africa fas\" style=\"color:#e5b506;\" aria-hidden=\"true\"><\/i><\/span><div class=\"fusion-li-item-content\" style=\"margin-left:43.2px;color:#000000;\">\n<p><a href=\"https:\/\/watersonusa-self-closing-hinge-ga.business.site\/?m=true\" target=\"_blank\" rel=\"noopener noreferrer\">Google Business<\/a><\/p>\n<\/div><\/li><\/ul><div class=\"fusion-clearfix\"><\/div><\/div><\/div><div class=\"fusion-layout-column fusion_builder_column fusion-builder-column-7 fusion_builder_column_1_1 1_1 fusion-one-full fusion-column-first fusion-column-last\" style=\"margin-top:15px;margin-bottom:15px;\"><div class=\"fusion-column-wrapper fusion-flex-column-wrapper-legacy\" style=\"background-position:left top;background-blend-mode: overlay;background-repeat:no-repeat;-webkit-background-size:cover;-moz-background-size:cover;-o-background-size:cover;background-size:cover;padding: 0px 0px 0px 0px;\"><div class=\"fusion-sep-clear\"><\/div><div class=\"fusion-separator fusion-full-width-sep\" style=\"margin-left: auto;margin-right: auto;margin-top:20px;width:100%;\"><\/div><div class=\"fusion-sep-clear\"><\/div><div class=\"fusion-text fusion-text-6\"><p style=\"text-align: center;\"><span style=\"font-size: 14pt;\">Waterson USA l\u00e0 m\u1ed9t \u0111\u01a1n v\u1ecb tr\u1ef1c thu\u1ed9c T\u1eadp \u0111o\u00e0n Waterson.<\/span><br \/>\n<a href=\"http:\/\/www.waterson.com\"><span style=\"font-size: 14pt;\">www.waterson.com<\/span><\/a><\/p>\n<\/div><div class=\"fusion-clearfix\"><\/div><\/div><\/div><\/div><\/div><\/p>\n","protected":false},"excerpt":{"rendered":"","protected":false},"author":3,"featured_media":0,"parent":0,"menu_order":0,"comment_status":"closed","ping_status":"closed","template":"100-width.php","meta":{"content-type":"","footnotes":""},"class_list":["post-39989","page","type-page","status-publish","hentry"],"yoast_head":"<!-- This site is optimized with the Yoast SEO Premium plugin v20.9 (Yoast SEO v26.8) - https:\/\/yoast.com\/product\/yoast-seo-premium-wordpress\/ -->\n<title>Li\u00ean H\u1ec7 Ch\u00fang T\u00f4i | B\u1ea3n L\u1ec1 T\u1ef1 \u0110\u00f3ng Waterson<\/title>\n<meta name=\"description\" content=\"Vui l\u00f2ng \u0111i\u1ec1n v\u00e0o bi\u1ec3u m\u1eabu li\u00ean h\u1ec7 b\u00ean d\u01b0\u1edbi \u0111\u1ec3 li\u00ean h\u1ec7 v\u1edbi \u0111\u1ed9i ng\u0169 Waterson ngay. Ch\u00fang t\u00f4i s\u1ebd ph\u1ea3n h\u1ed3i s\u1edbm nh\u1ea5t c\u00f3 th\u1ec3.\" \/>\n<meta name=\"robots\" content=\"noindex, follow\" \/>\n<meta property=\"og:locale\" content=\"vi_VN\" \/>\n<meta property=\"og:type\" content=\"article\" \/>\n<meta property=\"og:title\" content=\"Li\u00ean H\u1ec7 V\u1edbi Ch\u00fang T\u00f4i | B\u1ea3n L\u1ec1 T\u1ef1 \u0110\u00f3ng Waterson\" \/>\n<meta property=\"og:description\" content=\"Vui l\u00f2ng \u0111i\u1ec1n v\u00e0o bi\u1ec3u m\u1eabu li\u00ean h\u1ec7 b\u00ean d\u01b0\u1edbi \u0111\u1ec3 li\u00ean h\u1ec7 v\u1edbi \u0111\u1ed9i ng\u0169 Waterson ngay. Ch\u00fang t\u00f4i s\u1ebd ph\u1ea3n h\u1ed3i s\u1edbm nh\u1ea5t c\u00f3 th\u1ec3.\" \/>\n<meta property=\"og:url\" content=\"https:\/\/watersonusa.com\/vi\/lien-he\" \/>\n<meta property=\"og:site_name\" content=\"\u7b20\u6e90\u4e0d\u93fd\u92fc\u81ea\u52d5\u95dc\u9580\u5668\" \/>\n<meta property=\"article:publisher\" content=\"https:\/\/www.facebook.com\/Waterson-Hinge-3in1-Self-closing-804213513015168\/\" \/>\n<meta property=\"article:modified_time\" content=\"2026-01-07T06:27:51+00:00\" \/>\n<meta property=\"og:image\" content=\"https:\/\/watersonusa.com\/wp-content\/uploads\/2017\/06\/K51G_bg.jpg\" \/>\n\t<meta property=\"og:image:width\" content=\"1920\" \/>\n\t<meta property=\"og:image:height\" content=\"971\" \/>\n\t<meta property=\"og:image:type\" content=\"image\/jpeg\" \/>\n<meta name=\"twitter:card\" content=\"summary_large_image\" \/>\n<meta name=\"twitter:title\" content=\"Li\u00ean H\u1ec7 Ch\u00fang T\u00f4i\" \/>\n<meta name=\"twitter:label1\" content=\"Est. reading time\" \/>\n\t<meta name=\"twitter:data1\" content=\"3 minutes\" \/>\n<script type=\"application\/ld+json\" class=\"yoast-schema-graph\">{\"@context\":\"https:\/\/schema.org\",\"@graph\":[{\"@type\":\"WebPage\",\"@id\":\"https:\/\/watersonusa.com\/vi\/lien-he\",\"url\":\"https:\/\/watersonusa.com\/vi\/lien-he\",\"name\":\"Li\u00ean H\u1ec7 Ch\u00fang T\u00f4i | B\u1ea3n L\u1ec1 T\u1ef1 \u0110\u00f3ng Waterson\",\"isPartOf\":{\"@id\":\"https:\/\/watersonusa.com\/vi#website\"},\"datePublished\":\"2025-12-22T08:23:27+00:00\",\"dateModified\":\"2026-01-07T06:27:51+00:00\",\"description\":\"Vui l\u00f2ng \u0111i\u1ec1n v\u00e0o bi\u1ec3u m\u1eabu li\u00ean h\u1ec7 b\u00ean d\u01b0\u1edbi \u0111\u1ec3 li\u00ean h\u1ec7 v\u1edbi \u0111\u1ed9i ng\u0169 Waterson ngay. Ch\u00fang t\u00f4i s\u1ebd ph\u1ea3n h\u1ed3i s\u1edbm nh\u1ea5t c\u00f3 th\u1ec3.\",\"breadcrumb\":{\"@id\":\"https:\/\/watersonusa.com\/vi\/lien-he#breadcrumb\"},\"inLanguage\":\"vi-VN\",\"potentialAction\":[{\"@type\":\"ReadAction\",\"target\":[\"https:\/\/watersonusa.com\/vi\/lien-he\"]}]},{\"@type\":\"BreadcrumbList\",\"@id\":\"https:\/\/watersonusa.com\/vi\/lien-he#breadcrumb\",\"itemListElement\":[{\"@type\":\"ListItem\",\"position\":1,\"name\":\"Home\",\"item\":\"https:\/\/watersonusa.com\/vi\"},{\"@type\":\"ListItem\",\"position\":2,\"name\":\"Li\u00ean H\u1ec7 Ch\u00fang T\u00f4i\"}]},{\"@type\":\"WebSite\",\"@id\":\"https:\/\/watersonusa.com\/vi#website\",\"url\":\"https:\/\/watersonusa.com\/vi\",\"name\":\"\u7b20\u6e90\u4e0d\u93fd\u92fc\u81ea\u52d5\u95dc\u9580\u5668\",\"description\":\"\u5b89\u88dd\u9580\u9278\u934a\uff0c\u7acb\u5373\u4eab\u6709\u4e09\u5408\u4e00\u7522\u54c1\u529f\u80fd - \u9580\u5f13\u5668\u3001\u5730\u9278\u93c8\u3001\u9580\u64cb\u4e00\u6b21\u638c\u63e1\",\"publisher\":{\"@id\":\"https:\/\/watersonusa.com\/vi#organization\"},\"potentialAction\":[{\"@type\":\"SearchAction\",\"target\":{\"@type\":\"EntryPoint\",\"urlTemplate\":\"https:\/\/watersonusa.com\/vi?s={search_term_string}\"},\"query-input\":{\"@type\":\"PropertyValueSpecification\",\"valueRequired\":true,\"valueName\":\"search_term_string\"}}],\"inLanguage\":\"vi-VN\"},{\"@type\":\"Organization\",\"@id\":\"https:\/\/watersonusa.com\/vi#organization\",\"name\":\"Waterson\",\"url\":\"https:\/\/watersonusa.com\/vi\",\"logo\":{\"@type\":\"ImageObject\",\"inLanguage\":\"vi-VN\",\"@id\":\"https:\/\/watersonusa.com\/vi#\/schema\/logo\/image\/\",\"url\":\"https:\/\/watersonusa.com\/wp-content\/uploads\/308525376_591019316054692_1594369024154853461_n.jpg\",\"contentUrl\":\"https:\/\/watersonusa.com\/wp-content\/uploads\/308525376_591019316054692_1594369024154853461_n.jpg\",\"width\":400,\"height\":400,\"caption\":\"Waterson\"},\"image\":{\"@id\":\"https:\/\/watersonusa.com\/vi#\/schema\/logo\/image\/\"},\"sameAs\":[\"https:\/\/www.facebook.com\/Waterson-Hinge-3in1-Self-closing-804213513015168\/\",\"https:\/\/www.instagram.com\/waterson_door_closer_hinge\/\",\"https:\/\/www.linkedin.com\/showcase\/waterson-self-closing-hinge\/\",\"https:\/\/www.youtube.com\/channel\/UCBfabKchlSrXxIqYeNOZqpg\"]}]}<\/script>\n<!-- \/ Yoast SEO Premium plugin. -->","yoast_head_json":{"title":"Li\u00ean H\u1ec7 Ch\u00fang T\u00f4i | B\u1ea3n L\u1ec1 T\u1ef1 \u0110\u00f3ng Waterson","description":"Vui l\u00f2ng \u0111i\u1ec1n v\u00e0o bi\u1ec3u m\u1eabu li\u00ean h\u1ec7 b\u00ean d\u01b0\u1edbi \u0111\u1ec3 li\u00ean h\u1ec7 v\u1edbi \u0111\u1ed9i ng\u0169 Waterson ngay. Ch\u00fang t\u00f4i s\u1ebd ph\u1ea3n h\u1ed3i s\u1edbm nh\u1ea5t c\u00f3 th\u1ec3.","robots":{"index":"noindex","follow":"follow"},"og_locale":"vi_VN","og_type":"article","og_title":"Li\u00ean H\u1ec7 V\u1edbi Ch\u00fang T\u00f4i | B\u1ea3n L\u1ec1 T\u1ef1 \u0110\u00f3ng Waterson","og_description":"Vui l\u00f2ng \u0111i\u1ec1n v\u00e0o bi\u1ec3u m\u1eabu li\u00ean h\u1ec7 b\u00ean d\u01b0\u1edbi \u0111\u1ec3 li\u00ean h\u1ec7 v\u1edbi \u0111\u1ed9i ng\u0169 Waterson ngay. Ch\u00fang t\u00f4i s\u1ebd ph\u1ea3n h\u1ed3i s\u1edbm nh\u1ea5t c\u00f3 th\u1ec3.","og_url":"https:\/\/watersonusa.com\/vi\/lien-he","og_site_name":"\u7b20\u6e90\u4e0d\u93fd\u92fc\u81ea\u52d5\u95dc\u9580\u5668","article_publisher":"https:\/\/www.facebook.com\/Waterson-Hinge-3in1-Self-closing-804213513015168\/","article_modified_time":"2026-01-07T06:27:51+00:00","og_image":[{"width":1920,"height":971,"url":"https:\/\/watersonusa.com\/wp-content\/uploads\/2017\/06\/K51G_bg.jpg","type":"image\/jpeg"}],"twitter_card":"summary_large_image","twitter_title":"Li\u00ean H\u1ec7 Ch\u00fang T\u00f4i","twitter_misc":{"Est. reading time":"3 minutes"},"schema":{"@context":"https:\/\/schema.org","@graph":[{"@type":"WebPage","@id":"https:\/\/watersonusa.com\/vi\/lien-he","url":"https:\/\/watersonusa.com\/vi\/lien-he","name":"Li\u00ean H\u1ec7 Ch\u00fang T\u00f4i | B\u1ea3n L\u1ec1 T\u1ef1 \u0110\u00f3ng Waterson","isPartOf":{"@id":"https:\/\/watersonusa.com\/vi#website"},"datePublished":"2025-12-22T08:23:27+00:00","dateModified":"2026-01-07T06:27:51+00:00","description":"Vui l\u00f2ng \u0111i\u1ec1n v\u00e0o bi\u1ec3u m\u1eabu li\u00ean h\u1ec7 b\u00ean d\u01b0\u1edbi \u0111\u1ec3 li\u00ean h\u1ec7 v\u1edbi \u0111\u1ed9i ng\u0169 Waterson ngay. Ch\u00fang t\u00f4i s\u1ebd ph\u1ea3n h\u1ed3i s\u1edbm nh\u1ea5t c\u00f3 th\u1ec3.","breadcrumb":{"@id":"https:\/\/watersonusa.com\/vi\/lien-he#breadcrumb"},"inLanguage":"vi-VN","potentialAction":[{"@type":"ReadAction","target":["https:\/\/watersonusa.com\/vi\/lien-he"]}]},{"@type":"BreadcrumbList","@id":"https:\/\/watersonusa.com\/vi\/lien-he#breadcrumb","itemListElement":[{"@type":"ListItem","position":1,"name":"Home","item":"https:\/\/watersonusa.com\/vi"},{"@type":"ListItem","position":2,"name":"Li\u00ean H\u1ec7 Ch\u00fang T\u00f4i"}]},{"@type":"WebSite","@id":"https:\/\/watersonusa.com\/vi#website","url":"https:\/\/watersonusa.com\/vi","name":"\u7b20\u6e90\u4e0d\u93fd\u92fc\u81ea\u52d5\u95dc\u9580\u5668","description":"\u5b89\u88dd\u9580\u9278\u934a\uff0c\u7acb\u5373\u4eab\u6709\u4e09\u5408\u4e00\u7522\u54c1\u529f\u80fd - \u9580\u5f13\u5668\u3001\u5730\u9278\u93c8\u3001\u9580\u64cb\u4e00\u6b21\u638c\u63e1","publisher":{"@id":"https:\/\/watersonusa.com\/vi#organization"},"potentialAction":[{"@type":"SearchAction","target":{"@type":"EntryPoint","urlTemplate":"https:\/\/watersonusa.com\/vi?s={search_term_string}"},"query-input":{"@type":"PropertyValueSpecification","valueRequired":true,"valueName":"search_term_string"}}],"inLanguage":"vi-VN"},{"@type":"Organization","@id":"https:\/\/watersonusa.com\/vi#organization","name":"Waterson","url":"https:\/\/watersonusa.com\/vi","logo":{"@type":"ImageObject","inLanguage":"vi-VN","@id":"https:\/\/watersonusa.com\/vi#\/schema\/logo\/image\/","url":"https:\/\/watersonusa.com\/wp-content\/uploads\/308525376_591019316054692_1594369024154853461_n.jpg","contentUrl":"https:\/\/watersonusa.com\/wp-content\/uploads\/308525376_591019316054692_1594369024154853461_n.jpg","width":400,"height":400,"caption":"Waterson"},"image":{"@id":"https:\/\/watersonusa.com\/vi#\/schema\/logo\/image\/"},"sameAs":["https:\/\/www.facebook.com\/Waterson-Hinge-3in1-Self-closing-804213513015168\/","https:\/\/www.instagram.com\/waterson_door_closer_hinge\/","https:\/\/www.linkedin.com\/showcase\/waterson-self-closing-hinge\/","https:\/\/www.youtube.com\/channel\/UCBfabKchlSrXxIqYeNOZqpg"]}]}},"_links":{"self":[{"href":"https:\/\/watersonusa.com\/vi\/wp-json\/wp\/v2\/pages\/39989","targetHints":{"allow":["GET"]}}],"collection":[{"href":"https:\/\/watersonusa.com\/vi\/wp-json\/wp\/v2\/pages"}],"about":[{"href":"https:\/\/watersonusa.com\/vi\/wp-json\/wp\/v2\/types\/page"}],"author":[{"embeddable":true,"href":"https:\/\/watersonusa.com\/vi\/wp-json\/wp\/v2\/users\/3"}],"replies":[{"embeddable":true,"href":"https:\/\/watersonusa.com\/vi\/wp-json\/wp\/v2\/comments?post=39989"}],"version-history":[{"count":0,"href":"https:\/\/watersonusa.com\/vi\/wp-json\/wp\/v2\/pages\/39989\/revisions"}],"wp:attachment":[{"href":"https:\/\/watersonusa.com\/vi\/wp-json\/wp\/v2\/media?parent=39989"}],"curies":[{"name":"wp","href":"https:\/\/api.w.org\/{rel}","templated":true}]}}